{"id":12,"date":"2020-01-27T11:25:06","date_gmt":"2020-01-27T11:25:06","guid":{"rendered":"https:\/\/qi.hkjl.xyz\/?page_id=12"},"modified":"2026-04-07T08:28:55","modified_gmt":"2026-04-07T08:28:55","slug":"publications","status":"publish","type":"page","link":"https:\/\/quantum.paris\/site2\/publications\/","title":{"rendered":"Publications"},"content":{"rendered":"\n<h2 class=\"wp-block-heading\" id=\"submitting-refereeing-in-progress\">Submitting, refereeing in progress<\/h2>\n\n\n\n<ul class=\"wp-block-list\">\n<li><a href=\"https:\/\/arxiv.org\/abs\/2601.14373\">Towards Device-Independent Quantum Key Distribution with Photonic Devices<\/a> Corentin Lanore, Xavier Valcarce, Jean Etesse, Anthony Martin and Jean-Daniel Bancal<br>arXiv:2601.14373<\/li>\n\n\n\n<li><a href=\"https:\/\/arxiv.org\/abs\/2212.12558\">Simple Buehler-optimal confidence intervals on the average success probability of<br>independent Bernoulli trials<\/a><br>Jean-Daniel Bancal and Pavel Sekatski<br>arXiv:2212.12558<\/li>\n\n\n\n<li><a href=\"https:\/\/arxiv.org\/abs\/2101.12244\" data-type=\"URL\" data-id=\"https:\/\/arxiv.org\/abs\/2101.12244\">Certifying Numerical Decompositions of Compact Group Representations<\/a><br>Felipe Montealegre-Mora, Denis Rosset, Jean-Daniel Bancal and David Gross<br>arXiv:2101.12244<\/li>\n\n\n\n<li><a href=\"https:\/\/arxiv.org\/abs\/2004.09405\" target=\"_blank\" rel=\"noreferrer noopener\">Algebraic and geometric properties of local transformations<\/a><br>Denis Rosset, \u00c4min Baumeler, Jean-Daniel Bancal, Nicolas Gisin, Anthony Martin, Marc-Olivier Renou and Elie Wolfe<br>arXiv:2004.09405<\/li>\n<\/ul>\n\n\n\n<hr class=\"wp-block-separator has-alpha-channel-opacity\"\/>\n\n\n\n<h2 class=\"wp-block-heading\">Published in 2026<\/h2>\n\n\n\n<ul class=\"wp-block-list\">\n<li><a href=\"https:\/\/doi.org\/10.1103\/y4tn-cx43\">Symmetric observations without symmetric causal explanations<\/a><br>Christian William, Patrick Remy, Jean-Daniel Bancal, Yu Cai, Nicolas Brunner and Alejandro Pozas-Kerstjens<br>Phys. Rev. A <strong>113<\/strong>, 032219 (2026)<\/li>\n\n\n\n<li><a href=\"https:\/\/doi.org\/10.22331\/q-2026-03-10-2021\">Automated generation of photonic circuits for Bell tests with homodyne measurements<\/a><br>Corentin Lanore, Federico Grasselli, Xavier Valcarce, Jean-Daniel Bancal and Nicolas Sangouard<br>Quantum <strong>10<\/strong>, 2021 (2026)<\/li>\n<\/ul>\n\n\n\n<hr class=\"wp-block-separator has-alpha-channel-opacity\"\/>\n\n\n\n<h2 class=\"wp-block-heading\">Published in 2025<\/h2>\n\n\n\n<ul class=\"wp-block-list\">\n<li><a href=\"https:\/\/doi.org\/10.1103\/nv7d-k3wr\">Complete Self-Testing of a System of Remote Superconducting Qubits<\/a><br>Simon Storz, Anatoly Kulikov, Josua D. Sch\u00e4r, Victor Barizien, Xavier Valcarce, Florence Berterotti\u00e8re, Nicolas Sangouard, Jean-Daniel Bancal and Andreas Wallraff<br>Phys. Rev. Lett. <strong>135<\/strong>, 030801 (2025)<\/li>\n\n\n\n<li><a href=\"https:\/\/doi.org\/10.1038\/s41567-025-02782-3\">Quantum statistics in the minimal Bell scenario<\/a><br>Victor Barizien and Jean-Daniel Bancal<br>Nat. Phys. <strong>21<\/strong>, 577\u2013582 (2025)<\/li>\n\n\n\n<li><a href=\"https:\/\/doi.org\/10.1103\/5svm-skxk\">Testing the Wineland Criterion with Finite Statistics<\/a><br>Edison. S. Carrera, Yu-Zhe Zhang, Jean-Daniel Bancal and Nicolas Sangouard<br>Phys. Rev. Lett. <strong>134<\/strong>, 220802 (2025)<\/li>\n<\/ul>\n\n\n\n<hr class=\"wp-block-separator has-alpha-channel-opacity\"\/>\n\n\n\n<h2 class=\"wp-block-heading\">Published in 2024<\/h2>\n\n\n\n<ul class=\"wp-block-list\">\n<li><a href=\"https:\/\/journals.aps.org\/prl\/abstract\/10.1103\/PhysRevLett.133.010201\">Extremal Tsirelson Inequalities<\/a><br>Victor Barizien and Jean-Daniel Bancal<br>Phys. Rev. Lett. <strong>133<\/strong>, 010201 (2024)<\/li>\n\n\n\n<li><a href=\"https:\/\/www.nature.com\/articles\/s41534-024-00859-0\">Calibration-independent bound on the unitarity of a quantum channel with application to a frequency converter<\/a><br>Matthias Bock, Pavel Sekatski, Jean-Daniel Bancal, Stephan Kucera, Tobias Bauer, Nicolas Sangouard, Christoph Becher and J\u00fcrgen Eschner<br>npj Quantum Information <strong>10<\/strong>, 63 (2024)<\/li>\n\n\n\n<li><a href=\"https:\/\/quantum-journal.org\/papers\/q-2024-05-02-1333\/#\">Custom Bell inequalities from formal sums of squares<\/a><br>Victor Barizien, Pavel Sekatski and Jean-Daniel Bancal<br>Quantum <strong>8<\/strong>, 1333 (2024)<\/li>\n<\/ul>\n\n\n\n<hr class=\"wp-block-separator has-css-opacity\"\/>\n\n\n\n<h2 class=\"wp-block-heading\">Published in 2023<\/h2>\n\n\n\n<ul class=\"wp-block-list\">\n<li><a href=\"https:\/\/journals.aps.org\/prl\/abstract\/10.1103\/PhysRevLett.131.170802\" data-type=\"URL\" data-id=\"https:\/\/arxiv.org\/abs\/2304.10408\">Toward the Device-Independent Certification of a Quantum Memory<\/a><br>Pavel Sekatski, Jean-Daniel Bancal, Marie Ioannou, Mikael Afzelius and Nicolas Brunner<br>Phys. Rev. Lett. <strong>131<\/strong>, 170802 (2023)<\/li>\n\n\n\n<li><a href=\"https:\/\/journals.aps.org\/pra\/abstract\/10.1103\/PhysRevA.108.042207\">Quantum nonlocality in the presence of strong measurement dependence<\/a><br>Ivan \u0160upi\u0107, Jean-Daniel Bancal and Nicolas Brunner<br>Phys. Rev. A <strong>108<\/strong>, 042207 (2023)<\/li>\n\n\n\n<li><a href=\"https:\/\/www.nature.com\/articles\/s41586-023-05885-0\" data-type=\"URL\" data-id=\"https:\/\/www.nature.com\/articles\/s41586-023-05885-0\">Loophole-free Bell inequality violation with superconducting circuits<\/a><br>Simon Storz, Josua Sch\u00e4r, Anatoly Kulikov, Paul Magnard, Philipp Kurpiers, Janis L\u00fctolf, Theo Walter, Adrian Copetudo, Kevin Reuer, Abdulkadir Akin, Jean-Claude Besse, Mihai Gabureac, Graham J. Norris, Andr\u00e9s Rosario, Ferran Martin, Jos\u00e9 Martinez, Waldimar Amaya, Morgan W. Mitchell, Carlos Abellan, Jean-Daniel Bancal, Nicolas Sangouard, Baptiste Royer, Alexandre Blais and Andreas Wallraff<br>Nature <strong>617<\/strong>, pages 265\u2013270 (2023)<\/li>\n<\/ul>\n\n\n\n<hr class=\"wp-block-separator has-alpha-channel-opacity\"\/>\n\n\n\n<h2 class=\"wp-block-heading\" id=\"published-in-2022\">Published in 2022<\/h2>\n\n\n\n<ul class=\"wp-block-list\">\n<li><a href=\"https:\/\/quantum-journal.org\/papers\/q-2022-12-22-880\/#\">Improved DIQKD protocols with finite-size analysis<\/a><br>Ernest Y.-Z. Tan, Pavel Sekatski, Jean-Daniel Bancal, Ren\u00e9 Schwonnek, Renato Renner, Nicolas Sangouard and Charles C.-W. Lim<br>Quantum <strong>6<\/strong>, 880 (2022)<\/li>\n\n\n\n<li><a href=\"https:\/\/journals.aps.org\/prl\/abstract\/10.1103\/PhysRevLett.129.190503\">Certification of Genuine Multipartite Entanglement with General and Robust Device-Independent Witnesses<\/a><br>Chao Zhang, Wen-Hao Zhang, Pavel Sekatski, Jean-Daniel Bancal, Michael Zwerger, Peng Yin, Gong-Chu Li, Xing-Xiang Peng, Lei Chen, Yong-Jian Han, Jin-Shi Xu, Yun-Feng Huang, Geng Chen, Chuan-Feng Li and Guang-Can Guo<br>Phys. Rev. Lett. <strong>129<\/strong>, 190503 (2022)<\/li>\n\n\n\n<li><a href=\"https:\/\/www.nature.com\/articles\/s41586-022-04941-5\">Experimental quantum key distribution certified by Bell&#8217;s theorem<\/a><br>David P. Nadlinger, Peter Drmota, Bethan C. Nichol, Gabriel Araneda, Dougal Main, Raghavendra Srinivas, David M. Lucas, Chris J. Ballance, Kirill Ivanov, Ernest Y-Z. Tan, Pavel Sekatski, R\u00fcdiger L. Urbanke, Renato Renner, Nicolas Sangouard and Jean-Daniel Bancal<br>Nature <strong>607<\/strong>,&nbsp;pages 682\u2013686 (2022)<\/li>\n\n\n\n<li><a href=\"https:\/\/iopscience.iop.org\/article\/10.1088\/1367-2630\/ac71bc\">Receiver-device-independent quantum key distribution protocols<\/a><br>Marie Ioannou, Pavel Sekatski, Alastair A Abbott, Denis Rosset, Jean-Daniel Bancal and Nicolas Brunner<br>New J. Phys. <strong>24<\/strong>, 063006 (2022)<\/li>\n\n\n\n<li><a href=\"https:\/\/quantum-journal.org\/papers\/q-2022-05-24-718\/#\">Receiver-Device-Independent Quantum Key Distribution<\/a><br>Marie Ioannou, Maria Ana Pereira, Davide Rusca, Fadri Gr\u00fcnenfelder, Alberto Boaron, Matthieu Perrenoud, Alastair A. Abbott, Pavel Sekatski, Jean-Daniel Bancal, Nicolas Maring, Hugo Zbinden and Nicolas Brunner<br>Quantum <strong>6<\/strong>, 718 (2022)<\/li>\n\n\n\n<li><a href=\"https:\/\/journals.aps.org\/pra\/abstract\/10.1103\/PhysRevA.105.022206\">Genuine network quantum nonlocality and self-testing<\/a><br>Ivan \u0160upi\u0107, Jean-Daniel Bancal, Yu Cai and Nicolas Brunner<br>Phys. Rev. A <strong>105<\/strong>, 022206 (2022)<\/li>\n<\/ul>\n\n\n\n<hr class=\"wp-block-separator has-css-opacity\"\/>\n\n\n\n<h2 class=\"wp-block-heading\" id=\"published-in-2021\">Published in 2021<\/h2>\n\n\n\n<ul class=\"wp-block-list\">\n<li><a href=\"https:\/\/link.springer.com\/chapter\/10.1007\/978-3-030-55777-5_60\" target=\"_blank\" rel=\"noreferrer noopener\">RepLAB: A Computational\/Numerical Approach to Representation Theory<\/a><br>Denis Rosset, Felipe Montealegre-Mora and Jean-Daniel Bancal<br>Quantum Theory and Symmetries pp 643-653 (2021)<\/li>\n\n\n\n<li><a href=\"https:\/\/journals.aps.org\/pra\/abstract\/10.1103\/PhysRevA.103.052432\">Entanglement for <\/a><a href=\"https:\/\/journals.aps.org\/pra\/abstract\/10.1103\/PhysRevA.103.052432\" target=\"_blank\" rel=\"noreferrer noopener\">any<\/a><a href=\"https:\/\/journals.aps.org\/pra\/abstract\/10.1103\/PhysRevA.103.052432\"> definition of two subsystems<\/a><br>Yu Cai, Baichu Yu, Pooja Jayachandran, Nicolas Brunner, Valerio Scarani and Jean-Daniel Bancal<br>Phys. Rev. A <strong>103<\/strong>, 052432 (2021)<\/li>\n\n\n\n<li><a href=\"https:\/\/quantum-journal.org\/papers\/q-2021-04-26-444\/\" target=\"_blank\" rel=\"noreferrer noopener\">Device-independent quantum key distribution from generalized CHSH inequalities<\/a><br>Pavel Sekatski, Jean-Daniel Bancal, Xavier Valcarce, Ernest Y.-Z. Tan, Renato Renner and Nicolas Sangouard<br>Quantum <strong>5<\/strong>, 444 (2021)<\/li>\n\n\n\n<li><a href=\"https:\/\/quantum-journal.org\/papers\/q-2021-03-02-401\/#\">Self-<\/a><a href=\"https:\/\/quantum-journal.org\/papers\/q-2021-03-02-401\/#\" target=\"_blank\" rel=\"noreferrer noopener\">testing<\/a><a href=\"https:\/\/quantum-journal.org\/papers\/q-2021-03-02-401\/#\"> with finite statistics enabling the certification of a quantum network link<\/a><br>Jean-Daniel Bancal, Kai Redeker, Pavel Sekatski, Wenjamin Rosenfeld and Nicolas Sangouard<br>Quantum <strong>5<\/strong>, 401 (2021)<\/li>\n\n\n\n<li><a href=\"https:\/\/www.science.org\/doi\/10.1126\/sciadv.abc3847\">Mutually unbiased bases and symmetric informationally complete measurements in Bell <\/a><a href=\"https:\/\/www.science.org\/doi\/10.1126\/sciadv.abc3847\" target=\"_blank\" rel=\"noreferrer noopener\">experiments<\/a><br>Armin Tavakoli, M\u00e1t\u00e9 Farkas, Denis Rosset, Jean-Daniel Bancal and J\u0119drzej Kaniewski<br>Science Advances, Vol. <strong>7<\/strong>, abc3847 (2021)<\/li>\n<\/ul>\n\n\n\n<hr class=\"wp-block-separator has-css-opacity\"\/>\n\n\n\n<h2 class=\"wp-block-heading\" id=\"published-in-2020\">Published in 2020<\/h2>\n\n\n\n<ul class=\"wp-block-list\">\n<li><a href=\"https:\/\/journals.aps.org\/prl\/abstract\/10.1103\/PhysRevLett.125.240403\">Quantum Nonlocality in Networks Can Be Demonstrated with an Arbitrarily Small Level of Independence between the Sources<\/a><br>Ivan \u0160upi\u0107, Jean-Daniel Bancal and Nicolas Brunner<br>Phys. Rev. Lett. <strong>125<\/strong>, 240403 (2020)<\/li>\n\n\n\n<li><a href=\"https:\/\/journals.aps.org\/prl\/abstract\/10.1103\/PhysRevLett.124.230502\" target=\"_blank\" rel=\"noreferrer noopener\">Noisy pre-processing facilitating a photonic realisation of device-independent quantum key distribution<\/a><br>Melvyn Ho, Pavel Sekatski, Ernest Y.-Z. Tan, Renato Renner, Jean-Daniel Bancal and Nicolas Sangouard<br>Phys. Rev. Lett. <strong>124<\/strong>, 230502 (2020)<\/li>\n\n\n\n<li><a aria-label=\" (opens in a new tab)\" href=\"https:\/\/quantum-journal.org\/papers\/q-2020-03-23-246\/\" target=\"_blank\" rel=\"noreferrer noopener\">What is the minimum CHSH score certifying that a state contains the singlet?<\/a><br>Xavier Valcarce, Pavel Sekatski, Davide Orsucci, Enky Oudot, Jean-Daniel Bancal and Nicolas Sangouard<br>Quantum <strong>4<\/strong>, 246 (2020)<\/li>\n\n\n\n<li><a href=\"https:\/\/quantum-journal.org\/papers\/q-2020-03-19-243\/#\" target=\"_blank\" rel=\"noreferrer noopener\">Device-independent characterization of quantum instruments<\/a><br>Sebastian Wagner, Jean-Daniel Bancal, Nicolas Sangouard and Pavel Sekatski<br>Quantum <strong>4<\/strong>, 243 (2020)<\/li>\n\n\n\n<li><a href=\"https:\/\/quantum-journal.org\/papers\/q-2020-03-02-238\/\" target=\"_blank\" rel=\"noreferrer noopener\">How post-selection affects device-independent claims under the fair sampling assumption<\/a><br> Davide Orsucci, Jean-Daniel Bancal, Nicolas Sangouard and Pavel Sekatski<br> Quantum <strong>4<\/strong>, 238 (2020)<\/li>\n<\/ul>\n\n\n\n<hr class=\"wp-block-separator has-css-opacity\"\/>\n\n\n\n<h2 class=\"wp-block-heading\" id=\"published-in-2019\">Published in 2019<\/h2>\n\n\n\n<ul class=\"wp-block-list\">\n<li><a href=\"https:\/\/iopscience.iop.org\/article\/10.1088\/1367-2630\/ab4c7c\" target=\"_blank\" rel=\"noreferrer noopener\">Bipartite nonlocality with a many-body system<\/a> <br> Enky Oudot, Jean-Daniel Bancal, Pavel Sekatski and Nicolas Sangouard<br> New J. Phys. <strong>21<\/strong>, 103043 (2019)<\/li>\n\n\n\n<li><a href=\"https:\/\/journals.aps.org\/pra\/abstract\/10.1103\/PhysRevA.100.022121\" target=\"_blank\" rel=\"noreferrer noopener\">Bell correlations depth in many-body systems <\/a> <br>Flavio Baccari, Jordi Tura, Matteo Fadel, Albert Aloy, Jean-Daniel Bancal, Nicolas Sangouard, Maciej Lewenstein, Antonio Ac\u00edn and Remigiusz Augusiak<br> Phys. Rev. A <strong>100<\/strong>, 022121 (2019)<\/li>\n\n\n\n<li><a href=\"https:\/\/iopscience.iop.org\/article\/10.1088\/1367-2630\/aafef6\" target=\"_blank\" rel=\"noreferrer noopener\">Device-independent Certification of One-shot Distillable Entanglement <\/a> <br> Rotem Arnon-Friedman and Jean-Daniel Bancal<br> New J. Phys. <strong>21<\/strong>, 033010 (2019)<\/li>\n\n\n\n<li><a href=\"https:\/\/journals.aps.org\/prl\/abstract\/10.1103\/PhysRevLett.122.060502\" target=\"_blank\" rel=\"noreferrer noopener\">Device-Independent Detection of Genuine Multipartite Entanglement for All Pure States<\/a> <br> Michael Zwerger, Wolfgang D\u00fcr, Jean-Daniel Bancal and Pavel Sekatski<br> Phys. Rev. Lett. <strong>122<\/strong>, 060502 (2019)<\/li>\n<\/ul>\n\n\n\n<hr class=\"wp-block-separator has-css-opacity\"\/>\n\n\n\n<h2 class=\"wp-block-heading\" id=\"all-publications-per-author-on-arxiv\">All Publications per author on Arxiv<\/h2>\n\n\n\n<ul class=\"wp-block-list\">\n<li><a href=\"https:\/\/arxiv.org\/search\/quant-ph?searchtype=author&amp;query=Bancal,+J\">Jean-Daniel Bancal<\/a><\/li>\n<\/ul>\n\n\n\n<p><\/p>\n","protected":false},"excerpt":{"rendered":"<p>Submitting, refereeing in progress Published in 2026 Published in 2025 Published in 2024 Published in 2023 Published in 2022 Published in 2021 Published in 2020 Published in 2019 All Publications per author on Arxiv<\/p>\n","protected":false},"author":1,"featured_media":0,"parent":0,"menu_order":4,"comment_status":"closed","ping_status":"closed","template":"page-templates\/page_fullwidth.php","meta":{"footnotes":""},"class_list":["post-12","page","type-page","status-publish","hentry","clearfix"],"_links":{"self":[{"href":"https:\/\/quantum.paris\/site2\/wp-json\/wp\/v2\/pages\/12","targetHints":{"allow":["GET"]}}],"collection":[{"href":"https:\/\/quantum.paris\/site2\/wp-json\/wp\/v2\/pages"}],"about":[{"href":"https:\/\/quantum.paris\/site2\/wp-json\/wp\/v2\/types\/page"}],"author":[{"embeddable":true,"href":"https:\/\/quantum.paris\/site2\/wp-json\/wp\/v2\/users\/1"}],"replies":[{"embeddable":true,"href":"https:\/\/quantum.paris\/site2\/wp-json\/wp\/v2\/comments?post=12"}],"version-history":[{"count":80,"href":"https:\/\/quantum.paris\/site2\/wp-json\/wp\/v2\/pages\/12\/revisions"}],"predecessor-version":[{"id":805,"href":"https:\/\/quantum.paris\/site2\/wp-json\/wp\/v2\/pages\/12\/revisions\/805"}],"wp:attachment":[{"href":"https:\/\/quantum.paris\/site2\/wp-json\/wp\/v2\/media?parent=12"}],"curies":[{"name":"wp","href":"https:\/\/api.w.org\/{rel}","templated":true}]}}