{"id":229,"date":"2020-06-15T09:14:24","date_gmt":"2020-06-15T09:14:24","guid":{"rendered":"https:\/\/qi.hkjl.xyz\/?page_id=229"},"modified":"2025-11-18T09:41:30","modified_gmt":"2025-11-18T09:41:30","slug":"media","status":"publish","type":"page","link":"https:\/\/quantum.paris\/site1\/media\/","title":{"rendered":"Media"},"content":{"rendered":"\n<h3 class=\"wp-block-heading has-text-align-center\">Here is a list of highlights&#8230;<\/h3>\n\n\n\n<p>Device-independent quantum key distribution:<\/p>\n\n\n\n<ul class=\"wp-block-list\">\n<li><a href=\"https:\/\/www.thetimes.co.uk\/article\/quantum-cryptography-raises-possibility-of-unbreakable-codes-jrxx8mw20\">\u2018Quantum cryptography\u2019 raises possibility of unbreakable codes<\/a>, The Times (2022)<\/li>\n\n\n\n<li><a href=\"https:\/\/physicsworld.com\/a\/device-independent-qkd-brings-unhackable-quantum-internet-closer\/\">Device-independent QKD brings unhackable quantum Internet closer<\/a>, physicsworld (2022)<\/li>\n\n\n\n<li><a href=\"https:\/\/elpais.com\/tecnologia\/2022-08-16\/un-equipo-de-investigadores-asegura-haber-demostrado-la-pseudotelepatia-cuantica-a-partir-de-un-juego.html\">Un equipo de investigadores asegura haber demostrado la \u201cpseudotelepat\u00eda cu\u00e1ntica\u201d a partir de un juego<\/a>, El Pa\u00eds (2022, es)<\/li>\n\n\n\n<li><a href=\"https:\/\/www.quantamagazine.org\/cryptographers-achieve-perfect-secrecy-with-imperfect-devices-20220225\/\" data-type=\"URL\" data-id=\"https:\/\/www.quantamagazine.org\/cryptographers-achieve-perfect-secrecy-with-imperfect-devices-20220225\/\">Cryptographers Achieve Perfect Secrecy With Imperfect Devices<\/a>, Quantamagazine (2022)<\/li>\n<\/ul>\n\n\n\n<p>Quantum computer with a multimode quantum memory:<\/p>\n\n\n\n<ul class=\"wp-block-list\">\n<li><a href=\"https:\/\/physics.aps.org\/articles\/v14\/s117#c1\">Far Fewer Qubits Required for \u201cQuantum Memory\u201d Quantum Computers<\/a>, APS Physics highlight (2021)<\/li>\n\n\n\n<li><a href=\"https:\/\/www.cea.fr\/Pages\/actualites\/ntic\/avec-une-memoire-quantique-ordinateur-quantique-est-1-000-fois-plus-petit-!-.aspx\">Avec une m\u00e9moire quantique, l\u2019ordinateur quantique est 1 000 fois plus petit !<\/a>, CEA highlight (2021) (fr)<\/li>\n\n\n\n<li><a href=\"https:\/\/www.industrie-techno.com\/article\/la-memoire-quantique-fait-une-entree-fracassante-dans-la-course-a-l-ordinateur-quantique.66712\">La m\u00e9moire quantique fait une entr\u00e9e fracassante dans la course \u00e0 l&#8217;ordinateur quantique<\/a>, Industrie &amp; Technologies (2021) (fr)<\/li>\n<\/ul>\n\n\n\n<p>Heralded distribution of single-photon path entanglement:<\/p>\n\n\n\n<ul class=\"wp-block-list\">\n<li>CEA DRF Actualti\u00e9s <a href=\"https:\/\/www.cea.fr\/drf\/Pages\/Actualites\/En-direct-des-labos\/2020\/intrication-quantique--un-photon-unique-emprunte-deux-chemins-optiques-en-les--enchevetrant-.aspx\">Un photon unique emprunte deux chemins optiques en les \u00ab enchev\u00eatrant \u00bb ! (2020)<\/a> (fr)<\/li>\n<\/ul>\n\n\n\n<p>Adding noise for completely secure communication:<\/p>\n\n\n\n<ul class=\"wp-block-list\">\n<li><a href=\"https:\/\/phys.org\/news\/2020-06-adding-noise.html\">Phys.org (2020)<\/a><\/li>\n\n\n\n<li><a href=\"http:\/\/7thspace.com\/headlines\/1215688\/adding_noise_for_completely_secures_communication.html\">7th Space (2020)<\/a><\/li>\n\n\n\n<li><a href=\"https:\/\/scienmag.com\/adding-noise-for-completely-secure-communication\/\">scienmag.com (2020)<\/a><\/li>\n\n\n\n<li><a href=\"https:\/\/www.myscience.ch\/fr\/news\/wire\/adding_noise_for_completely_secure_communication-2020-unibas\">myScience.com (2020)<\/a><\/li>\n<\/ul>\n\n\n\n<p>A cavity leads to a strong interaction between light and matter:<\/p>\n\n\n\n<ul class=\"wp-block-list\">\n<li><a href=\"https:\/\/phys.org\/news\/2019-10-cavity-strong-interaction.html\">Phys.org (2019)<\/a><\/li>\n\n\n\n<li>Informationsdienst Wissenschaft (2019) (<a href=\"https:\/\/idw-online.de\/de\/news725547\">en<\/a>\/<a href=\"https:\/\/idw-online.de\/de\/news725548\">de<\/a>)<\/li>\n\n\n\n<li><a href=\"https:\/\/www.nanowerk.com\/nanotechnology-news2\/newsid=53870.php\">Nanowerk (2019)<\/a><\/li>\n\n\n\n<li><a href=\"https:\/\/www.sciencedaily.com\/releases\/2019\/10\/191021124515.htm\">Science Daily (2019)<\/a><\/li>\n<\/ul>\n\n\n\n<hr class=\"wp-block-separator has-alpha-channel-opacity\"\/>\n\n\n\n<h3 class=\"wp-block-heading has-text-align-center\">Outreach \/ Vulgarisation<\/h3>\n\n\n\n<ul class=\"wp-block-list\">\n<li>Cryptographie quantique : le protocole qui \u00e9chappe aux espions, <a href=\"https:\/\/www.pourlascience.fr\/sd\/physique\/cryptographie-quantique-le-protocole-qui-echappe-aux-espions-25926.php\">Pour La Science (2023)<\/a> (<a href=\"https:\/\/archive.is\/7uHK3\">archive.is<\/a>) (fr)<\/li>\n\n\n\n<li>Decode Quantum avec Nicolas Sangouard du CEA [1h30 podcast with Nicolas Sangouard about his career and a selection of topics we study], <a href=\"https:\/\/www.oezratty.net\/wordpress\/2023\/decode-quantum-avec-nicolas-sangouard-du-cea\/\">Opinions Libre, Oliver Ezratty (2023)<\/a> (fr)<\/li>\n\n\n\n<li>Nicolas Sangouard: \u00ab&nbsp;L\u2019ordinateur quantique n\u2019existe pas encore, mais il repr\u00e9sente d\u00e9j\u00e0 une menace&nbsp;\u00bb, <a href=\"https:\/\/www.techniques-ingenieur.fr\/actualite\/articles\/nicolas-sangouard-lordinateur-quantique-nexiste-pas-encore-mais-il-represente-deja-une-menace-114704\/\">Techniques de l&#8217;ing\u00e9nieur (2022)<\/a> (fr)<\/li>\n\n\n\n<li>Ordinateur quantique&nbsp;: cinq questions pour (enfin) tout comprendre, <a href=\"https:\/\/www.lesechos.fr\/tech-medias\/hightech\/ordinateur-quantique-cinq-questions-pour-enfin-tout-comprendre-1323707\">Les \u00c9chos (2021)<\/a> (fr)<\/li>\n<\/ul>\n\n\n\n<hr class=\"wp-block-separator has-css-opacity\"\/>\n\n\n\n<h3 class=\"wp-block-heading has-text-align-center\">Public Talk<\/h3>\n\n\n\n<p>Ordinateurs quantiques, Menaces et Opportunit\u00e9s (2020, Nicolas Sangouard)<\/p>\n\n\n\n<figure class=\"wp-block-embed is-type-video is-provider-youtube wp-block-embed-youtube wp-embed-aspect-16-9 wp-has-aspect-ratio\"><div class=\"wp-block-embed__wrapper\">\n<iframe loading=\"lazy\" title=\"Nicolas Sangouard (2020 ) Ordinateurs quantiques, Menaces et Opportunit\u00e9s\" width=\"640\" height=\"360\" src=\"https:\/\/www.youtube.com\/embed\/Cxw-jwRqg9I?feature=oembed\" frameborder=\"0\" allow=\"accelerometer; autoplay; clipboard-write; encrypted-media; gyroscope; picture-in-picture; web-share\" referrerpolicy=\"strict-origin-when-cross-origin\" allowfullscreen><\/iframe>\n<\/div><\/figure>\n\n\n\n<hr class=\"wp-block-separator has-css-opacity\"\/>\n\n\n\n<h3 class=\"wp-block-heading has-text-align-center\">Further highlights&#8230;<\/h3>\n\n\n\n<p>How to certify a quantum computer<\/p>\n\n\n\n<ul class=\"wp-block-list\">\n<li><a href=\"https:\/\/phys.org\/news\/2018-11-certify-quantum.html\">Phys.org (2018)<\/a><\/li>\n\n\n\n<li><a href=\"http:\/\/www.snf.ch\/en\/researchinFocus\/newsroom\/Pages\/news-181105-press-release-how-to-certify-a-quantum-computer.aspx\">SNSF Newsrooms (2018)<\/a><\/li>\n<\/ul>\n\n\n\n<p>Tailoring single photon waveshapes<\/p>\n\n\n\n<ul class=\"wp-block-list\">\n<li><a href=\"http:\/\/www.opli.net\/opli_magazine\/eo\/2016\/tailoring-single-photons-waveshapes-nov-news\/\">Opli (2016)<\/a><\/li>\n\n\n\n<li><a href=\"https:\/\/www.physik.unibas.ch\/news\/research-news\/detail-page-research-news\/news\/tunable-source-of-single-photons-from-a-cold-atomic-ensemble.html\">Unibas Departement Highlight (2016)<\/a><\/li>\n<\/ul>\n\n\n\n<p>Les revolutions quantiques<\/p>\n\n\n\n<ul class=\"wp-block-list\">\n<li><a href=\"http:\/\/www.larecherche.fr\/parution\/mensuel-501\">La Recherche (2015)<\/a><\/li>\n<\/ul>\n\n\n\n<p>Two Photons into One<\/p>\n\n\n\n<ul class=\"wp-block-list\">\n<li><a href=\"http:\/\/physics.aps.org\/articles\/v7\/108\">Viewpoint &#8211; APS (2014)<\/a><\/li>\n<\/ul>\n\n\n\n<hr class=\"wp-block-separator has-css-opacity\"\/>\n\n\n\n<p><\/p>\n","protected":false},"excerpt":{"rendered":"<p>Here is a list of highlights&#8230; Device-independent quantum key distribution: Quantum computer with a multimode quantum memory: Heralded distribution of single-photon path entanglement: Adding noise for completely secure communication: A cavity leads to a strong interaction between light and matter: [&hellip;]<\/p>\n","protected":false},"author":1,"featured_media":0,"parent":0,"menu_order":5,"comment_status":"closed","ping_status":"closed","template":"page-templates\/page_fullwidth.php","meta":{"footnotes":""},"class_list":["post-229","page","type-page","status-publish","hentry","clearfix"],"_links":{"self":[{"href":"https:\/\/quantum.paris\/site1\/wp-json\/wp\/v2\/pages\/229","targetHints":{"allow":["GET"]}}],"collection":[{"href":"https:\/\/quantum.paris\/site1\/wp-json\/wp\/v2\/pages"}],"about":[{"href":"https:\/\/quantum.paris\/site1\/wp-json\/wp\/v2\/types\/page"}],"author":[{"embeddable":true,"href":"https:\/\/quantum.paris\/site1\/wp-json\/wp\/v2\/users\/1"}],"replies":[{"embeddable":true,"href":"https:\/\/quantum.paris\/site1\/wp-json\/wp\/v2\/comments?post=229"}],"version-history":[{"count":25,"href":"https:\/\/quantum.paris\/site1\/wp-json\/wp\/v2\/pages\/229\/revisions"}],"predecessor-version":[{"id":779,"href":"https:\/\/quantum.paris\/site1\/wp-json\/wp\/v2\/pages\/229\/revisions\/779"}],"wp:attachment":[{"href":"https:\/\/quantum.paris\/site1\/wp-json\/wp\/v2\/media?parent=229"}],"curies":[{"name":"wp","href":"https:\/\/api.w.org\/{rel}","templated":true}]}}